{"id":3351,"date":"2018-01-08T15:45:19","date_gmt":"2018-01-08T14:45:19","guid":{"rendered":"https:\/\/praxis-auch-schmidt.de\/?page_id=3351\/"},"modified":"2018-01-08T15:45:19","modified_gmt":"2018-01-08T14:45:19","slug":"ambitos-de-intervencion","status":"publish","type":"page","link":"https:\/\/praxis-auch-schmidt.de\/es\/ambitos-de-intervencion\/","title":{"rendered":"\u00c1MBITOS DE INTERVENCI\u00d3N"},"content":{"rendered":"<p><img loading=\"lazy\" decoding=\"async\" class=\"alignnone size-full wp-image-206\" src=\"\/wp-content\/uploads\/2012\/12\/header_problemfelder.jpg\" alt=\"Blue Hole of Belize\" width=\"850\" height=\"400\" srcset=\"https:\/\/praxis-auch-schmidt.de\/wp-content\/uploads\/2012\/12\/header_problemfelder.jpg 850w, https:\/\/praxis-auch-schmidt.de\/wp-content\/uploads\/2012\/12\/header_problemfelder-300x141.jpg 300w, https:\/\/praxis-auch-schmidt.de\/wp-content\/uploads\/2012\/12\/header_problemfelder-624x293.jpg 624w\" sizes=\"auto, (max-width: 850px) 100vw, 850px\" \/><\/p>\n<h1>\u00c1MBITOS DE INTERVENCI\u00d3N<\/h1>\n<p><strong>En nuestra consulta tratamos a personas que tienen los siguientes conflictos o problemas:<\/strong><\/p>\n<div class='content-column one_half spalte'><ul>\n<li>Trastornos de ansiedad como, p. ej., ataques de p\u00e1nico, fobias (como fobia a las ara\u00f1as, a la sangre o a las agujas), miedos sociales, miedo en el \u00e1mbito del rendimiento acad\u00e9mico o profesional, miedo al fracaso, as\u00ed como trastornos de miedo generalizados (preocupaciones y temores en lo que concierne a temas varios)<\/li>\n<li>Miedos en la relaci\u00f3n de pareja (p. ej., temor constante a perder a la pareja, problemas recurrentes en la relaci\u00f3n de pareja, dificultades para escoger pareja, rehu\u00edr relaciones \u00edntimas)<\/li>\n<li>S\u00edndrome de desgaste profesional (burnout), reacciones por sobrecarga de trabajo o por estr\u00e9s, problemas laborales (p. ej., mobbing)<\/li>\n<li>Dolores cr\u00f3nicos y trastornos somatoformes (molestias f\u00edsicas sin un diagn\u00f3stico som\u00e1tico claro)<\/li>\n<li>Cuadros depresivos (p. ej., s\u00edntomas como falta de alegr\u00eda, falta de inter\u00e9s, retra\u00edmiento social, apat\u00eda, tristeza permanente)<\/li>\n<li>Soledad (dificultades para hacer amigos o, en general, para establecer contactos sociales)<\/li>\n<li>Celos (celos exagerados sin motivo real)<\/li>\n<li>Hipocondr\u00eda: convencimiento de sufrir una enfermedad seria<\/li>\n<li>Adicci\u00f3n a internet: uso desmesurado de internet o del ordenador en el terreno de juegos de ordenador, contenidos sexuales y comunicaci\u00f3n escrita<\/li>\n<li>Trastorno dism\u00f3rfico corporal: el convencimiento de padecer alg\u00fan defecto f\u00edsico, preocupaci\u00f3n permanente por el aspecto f\u00edsico propio<\/li>\n<li>Enfermedades f\u00edsicas con repercusiones sobre el estado an\u00edmico, el bienestar y el comportamiento (p. ej., c\u00e1ncer, t\u00ednitus, migra\u00f1a)<\/li>\n<li>Problemas de pareja como p. ej. discusiones constantes, aburrimiento, infidelidades, problemas sexuales<\/div><\/li>\n<\/ul>\n<div class='content-column one_half spalte-right'><ul>\n<li>Trastornos de la personalidad (estrictos patrones de conducta que nos comportan dificultades)<\/li>\n<li>Trastornos por estr\u00e9s postraum\u00e1tico tras experiencias traum\u00e1ticas (recuerdos y pensamientos agobiantes y oprimentes de un suceso traum\u00e1tico)<\/li>\n<li>Miedo a los ex\u00e1menes<\/li>\n<li>Enfermedades psic\u00f3ticas, control de la enfermedad tras haber remitido la fase aguda (p. ej., esquizofrenia residual)<\/li>\n<li>Trastornos del sue\u00f1o (p. ej., problemas para conciliar el sue\u00f1o y permanecer dormido, pesadillas, hipersomnia)<\/li>\n<li>Problemas de autoestima (p. ej., insatisfacci\u00f3n con uno mismo, convencimiento de ser menos simp\u00e1tico que otros)<\/li>\n<li>Trastornos sexuales en hombres como p.ej, problemas de erecci\u00f3n o falta de deseo sexual<\/li>\n<li>Adicci\u00f3n al sexo: deseo sexual excesivo que se vive como compulsivo: consumo de pornograf\u00eda, sexo por internet, sexo telef\u00f3nico&#8230;<\/li>\n<li>Trastornos del control de los impulsos como la tricotiloman\u00eda o la dermatiloman\u00eda (\u201cskin picking\u201d)<\/li>\n<li>Miedos sociales: son miedos a interactuar con otras personas, como el miedo a sonrojarse o a temblar en p\u00fablico o a hacer el rid\u00edculo de cualquier otro modo<\/li>\n<li>Reacciones del duelo (apoyo en el proceso del duelo y en el procesamiento de la p\u00e9rdida)<\/li>\n<li>Trastornos obsesivos-compulsivos (TOC) como, p.ej., pensamientos o control obsesivos<\/li>\n<li>Conflictos interpersonales (p. ej., otros se aprovechan de uno, se discute habitualmente con otros, se es humillado o despreciado)<\/div><\/li>\n<\/ul>\n<div class=\"clear\">Ofrecemos hasta tres sesiones, llamadas \u201cPsychoterapeutischen Sprechstunden\u201d (\u201cconsultas psicoterap\u00e9uticas\u201d) -que cubre el seguro m\u00e9dico- durante las que aclararemos si su problema es un trastorno m\u00e9dico y cu\u00e1l ser\u00eda el tratamiento adecuado. En ese caso su seguro m\u00e9dico cubrir\u00e1 los gastos de dicho tratamiento.<\/div>\n","protected":false},"excerpt":{"rendered":"<p>\u00c1MBITOS DE INTERVENCI\u00d3N En nuestra consulta tratamos a personas que tienen los siguientes conflictos o problemas: Ofrecemos hasta tres sesiones, llamadas \u201cPsychoterapeutischen Sprechstunden\u201d (\u201cconsultas psicoterap\u00e9uticas\u201d) -que cubre el seguro m\u00e9dico- durante las que aclararemos si su problema es un trastorno m\u00e9dico y cu\u00e1l ser\u00eda el tratamiento adecuado. En ese caso su seguro m\u00e9dico cubrir\u00e1 los [&hellip;]<\/p>\n","protected":false},"author":1,"featured_media":0,"parent":0,"menu_order":4,"comment_status":"closed","ping_status":"closed","template":"","meta":{"footnotes":""},"class_list":["post-3351","page","type-page","status-publish","hentry"],"yoast_head":"<!-- This site is optimized with the Yoast SEO plugin v26.3 - https:\/\/yoast.com\/wordpress\/plugins\/seo\/ -->\n<title>\u00c1MBITOS DE INTERVENCI\u00d3N - Praxis Auch-Schmidt<\/title>\n<meta name=\"robots\" content=\"index, follow, max-snippet:-1, max-image-preview:large, max-video-preview:-1\" \/>\n<link rel=\"canonical\" href=\"https:\/\/praxis-auch-schmidt.de\/es\/ambitos-de-intervencion\/\" \/>\n<meta property=\"og:locale\" content=\"es_ES\" \/>\n<meta property=\"og:type\" content=\"article\" \/>\n<meta property=\"og:title\" content=\"\u00c1MBITOS DE INTERVENCI\u00d3N - Praxis Auch-Schmidt\" \/>\n<meta property=\"og:description\" content=\"\u00c1MBITOS DE INTERVENCI\u00d3N En nuestra consulta tratamos a personas que tienen los siguientes conflictos o problemas: Ofrecemos hasta tres sesiones, llamadas \u201cPsychoterapeutischen Sprechstunden\u201d (\u201cconsultas psicoterap\u00e9uticas\u201d) -que cubre el seguro m\u00e9dico- durante las que aclararemos si su problema es un trastorno m\u00e9dico y cu\u00e1l ser\u00eda el tratamiento adecuado. En ese caso su seguro m\u00e9dico cubrir\u00e1 los [&hellip;]\" \/>\n<meta property=\"og:url\" content=\"https:\/\/praxis-auch-schmidt.de\/es\/ambitos-de-intervencion\/\" \/>\n<meta property=\"og:site_name\" content=\"Praxis Auch-Schmidt\" \/>\n<meta name=\"twitter:label1\" content=\"Tiempo de lectura\" \/>\n\t<meta name=\"twitter:data1\" content=\"3 minutos\" \/>\n<script type=\"application\/ld+json\" class=\"yoast-schema-graph\">{\"@context\":\"https:\/\/schema.org\",\"@graph\":[{\"@type\":\"WebPage\",\"@id\":\"https:\/\/praxis-auch-schmidt.de\/es\/ambitos-de-intervencion\/\",\"url\":\"https:\/\/praxis-auch-schmidt.de\/es\/ambitos-de-intervencion\/\",\"name\":\"\u00c1MBITOS DE INTERVENCI\u00d3N - Praxis Auch-Schmidt\",\"isPartOf\":{\"@id\":\"https:\/\/praxis-auch-schmidt.de\/#website\"},\"datePublished\":\"2018-01-08T14:45:19+00:00\",\"breadcrumb\":{\"@id\":\"https:\/\/praxis-auch-schmidt.de\/es\/ambitos-de-intervencion\/#breadcrumb\"},\"inLanguage\":\"es\",\"potentialAction\":[{\"@type\":\"ReadAction\",\"target\":[\"https:\/\/praxis-auch-schmidt.de\/es\/ambitos-de-intervencion\/\"]}]},{\"@type\":\"BreadcrumbList\",\"@id\":\"https:\/\/praxis-auch-schmidt.de\/es\/ambitos-de-intervencion\/#breadcrumb\",\"itemListElement\":[{\"@type\":\"ListItem\",\"position\":1,\"name\":\"Home\",\"item\":\"https:\/\/praxis-auch-schmidt.de\/es\/\"},{\"@type\":\"ListItem\",\"position\":2,\"name\":\"\u00c1MBITOS DE INTERVENCI\u00d3N\"}]},{\"@type\":\"WebSite\",\"@id\":\"https:\/\/praxis-auch-schmidt.de\/#website\",\"url\":\"https:\/\/praxis-auch-schmidt.de\/\",\"name\":\"Praxis Auch-Schmidt\",\"description\":\"\",\"potentialAction\":[{\"@type\":\"SearchAction\",\"target\":{\"@type\":\"EntryPoint\",\"urlTemplate\":\"https:\/\/praxis-auch-schmidt.de\/?s={search_term_string}\"},\"query-input\":{\"@type\":\"PropertyValueSpecification\",\"valueRequired\":true,\"valueName\":\"search_term_string\"}}],\"inLanguage\":\"es\"}]}<\/script>\n<!-- \/ Yoast SEO plugin. -->","yoast_head_json":{"title":"\u00c1MBITOS DE INTERVENCI\u00d3N - Praxis Auch-Schmidt","robots":{"index":"index","follow":"follow","max-snippet":"max-snippet:-1","max-image-preview":"max-image-preview:large","max-video-preview":"max-video-preview:-1"},"canonical":"https:\/\/praxis-auch-schmidt.de\/es\/ambitos-de-intervencion\/","og_locale":"es_ES","og_type":"article","og_title":"\u00c1MBITOS DE INTERVENCI\u00d3N - Praxis Auch-Schmidt","og_description":"\u00c1MBITOS DE INTERVENCI\u00d3N En nuestra consulta tratamos a personas que tienen los siguientes conflictos o problemas: Ofrecemos hasta tres sesiones, llamadas \u201cPsychoterapeutischen Sprechstunden\u201d (\u201cconsultas psicoterap\u00e9uticas\u201d) -que cubre el seguro m\u00e9dico- durante las que aclararemos si su problema es un trastorno m\u00e9dico y cu\u00e1l ser\u00eda el tratamiento adecuado. En ese caso su seguro m\u00e9dico cubrir\u00e1 los [&hellip;]","og_url":"https:\/\/praxis-auch-schmidt.de\/es\/ambitos-de-intervencion\/","og_site_name":"Praxis Auch-Schmidt","twitter_misc":{"Tiempo de lectura":"3 minutos"},"schema":{"@context":"https:\/\/schema.org","@graph":[{"@type":"WebPage","@id":"https:\/\/praxis-auch-schmidt.de\/es\/ambitos-de-intervencion\/","url":"https:\/\/praxis-auch-schmidt.de\/es\/ambitos-de-intervencion\/","name":"\u00c1MBITOS DE INTERVENCI\u00d3N - Praxis Auch-Schmidt","isPartOf":{"@id":"https:\/\/praxis-auch-schmidt.de\/#website"},"datePublished":"2018-01-08T14:45:19+00:00","breadcrumb":{"@id":"https:\/\/praxis-auch-schmidt.de\/es\/ambitos-de-intervencion\/#breadcrumb"},"inLanguage":"es","potentialAction":[{"@type":"ReadAction","target":["https:\/\/praxis-auch-schmidt.de\/es\/ambitos-de-intervencion\/"]}]},{"@type":"BreadcrumbList","@id":"https:\/\/praxis-auch-schmidt.de\/es\/ambitos-de-intervencion\/#breadcrumb","itemListElement":[{"@type":"ListItem","position":1,"name":"Home","item":"https:\/\/praxis-auch-schmidt.de\/es\/"},{"@type":"ListItem","position":2,"name":"\u00c1MBITOS DE INTERVENCI\u00d3N"}]},{"@type":"WebSite","@id":"https:\/\/praxis-auch-schmidt.de\/#website","url":"https:\/\/praxis-auch-schmidt.de\/","name":"Praxis Auch-Schmidt","description":"","potentialAction":[{"@type":"SearchAction","target":{"@type":"EntryPoint","urlTemplate":"https:\/\/praxis-auch-schmidt.de\/?s={search_term_string}"},"query-input":{"@type":"PropertyValueSpecification","valueRequired":true,"valueName":"search_term_string"}}],"inLanguage":"es"}]}},"_links":{"self":[{"href":"https:\/\/praxis-auch-schmidt.de\/es\/wp-json\/wp\/v2\/pages\/3351","targetHints":{"allow":["GET"]}}],"collection":[{"href":"https:\/\/praxis-auch-schmidt.de\/es\/wp-json\/wp\/v2\/pages"}],"about":[{"href":"https:\/\/praxis-auch-schmidt.de\/es\/wp-json\/wp\/v2\/types\/page"}],"author":[{"embeddable":true,"href":"https:\/\/praxis-auch-schmidt.de\/es\/wp-json\/wp\/v2\/users\/1"}],"replies":[{"embeddable":true,"href":"https:\/\/praxis-auch-schmidt.de\/es\/wp-json\/wp\/v2\/comments?post=3351"}],"version-history":[{"count":1,"href":"https:\/\/praxis-auch-schmidt.de\/es\/wp-json\/wp\/v2\/pages\/3351\/revisions"}],"predecessor-version":[{"id":3352,"href":"https:\/\/praxis-auch-schmidt.de\/es\/wp-json\/wp\/v2\/pages\/3351\/revisions\/3352"}],"wp:attachment":[{"href":"https:\/\/praxis-auch-schmidt.de\/es\/wp-json\/wp\/v2\/media?parent=3351"}],"curies":[{"name":"wp","href":"https:\/\/api.w.org\/{rel}","templated":true}]}}