{"id":3342,"date":"2018-01-08T14:56:22","date_gmt":"2018-01-08T13:56:22","guid":{"rendered":"https:\/\/praxis-auch-schmidt.de\/?page_id=3342\/"},"modified":"2018-10-30T12:23:36","modified_gmt":"2018-10-30T11:23:36","slug":"como-saber","status":"publish","type":"page","link":"https:\/\/praxis-auch-schmidt.de\/es\/psicoterapia\/como-saber\/","title":{"rendered":"C\u00d3MO SABER&#8230;"},"content":{"rendered":"<p><img loading=\"lazy\" decoding=\"async\" class=\"alignnone size-full wp-image-202\" src=\"\/wp-content\/uploads\/2012\/12\/header_psychotherapie.jpg\" alt=\"Wie Sie erkennen\" width=\"850\" height=\"400\" srcset=\"https:\/\/praxis-auch-schmidt.de\/wp-content\/uploads\/2012\/12\/header_psychotherapie.jpg 850w, https:\/\/praxis-auch-schmidt.de\/wp-content\/uploads\/2012\/12\/header_psychotherapie-300x141.jpg 300w, https:\/\/praxis-auch-schmidt.de\/wp-content\/uploads\/2012\/12\/header_psychotherapie-624x293.jpg 624w\" sizes=\"auto, (max-width: 850px) 100vw, 850px\" \/><\/p>\n<h1>QU\u00c9 LE AYUDA A SABER QUE EST\u00c1 EN EL LUGAR ADECUADO<\/h1>\n<p>Durante las sesiones de prueba tiene usted la posibilidad de averiguar si se siente c\u00f3modo y si quiere empezar una terapia con nosotros. Nos gustar\u00eda que, si est\u00e1 en tratamiento con nosotros, pueda estar de acuerdo con las siguientes afirmaciones:<div class='content-column one_half spalte'><ul>\n<li>Se me proporcionan est\u00edmulos para reflexionar o durante la charla se me ocurren nuevas ideas y puntos de vista.<\/li>\n<li>Aprendo a conocerme y entenderme mejor a m\u00ed mismo\/a.<\/li>\n<li>Las charlas me motivan para que pruebe cosas nuevas.<\/div><div class='content-column one_half spalte-rechts'><\/li>\n<li>El\/La terapeuta me comenta, si quiero, la percepci\u00f3n que tiene de m\u00ed.<\/li>\n<li>Es posible hablar de dificultades entre el\/la terapeuta y yo. \u00c9l\/ella se disculpa por sus errores.<\/li>\n<li>Durante la sesi\u00f3n me siento bien e incluso, a veces, tengo que sonre\u00edr por dentro.<\/div><\/li>\n<\/ul>\n<blockquote><p><strong><div class='content-column full_width'>\u00abA veces se ve algo cien, mil veces, antes de verlo de verdad por primera vez\u00bb<br \/>\nChristian Morgenstern<\/div><\/strong><\/p><\/blockquote>\n","protected":false},"excerpt":{"rendered":"<p>QU\u00c9 LE AYUDA A SABER QUE EST\u00c1 EN EL LUGAR ADECUADO Durante las sesiones de prueba tiene usted la posibilidad de averiguar si se siente c\u00f3modo y si quiere empezar una terapia con nosotros. Nos gustar\u00eda que, si est\u00e1 en tratamiento con nosotros, pueda estar de acuerdo con las siguientes afirmaciones:<\/p>\n","protected":false},"author":1,"featured_media":0,"parent":3333,"menu_order":4,"comment_status":"closed","ping_status":"closed","template":"","meta":{"footnotes":""},"class_list":["post-3342","page","type-page","status-publish","hentry"],"yoast_head":"<!-- This site is optimized with the Yoast SEO plugin v26.3 - https:\/\/yoast.com\/wordpress\/plugins\/seo\/ -->\n<title>C\u00d3MO SABER... - Praxis Auch-Schmidt<\/title>\n<meta name=\"robots\" content=\"index, follow, max-snippet:-1, max-image-preview:large, max-video-preview:-1\" \/>\n<link rel=\"canonical\" href=\"https:\/\/praxis-auch-schmidt.de\/es\/psicoterapia\/como-saber\/\" \/>\n<meta property=\"og:locale\" content=\"es_ES\" \/>\n<meta property=\"og:type\" content=\"article\" \/>\n<meta property=\"og:title\" content=\"C\u00d3MO SABER... - Praxis Auch-Schmidt\" \/>\n<meta property=\"og:description\" content=\"QU\u00c9 LE AYUDA A SABER QUE EST\u00c1 EN EL LUGAR ADECUADO Durante las sesiones de prueba tiene usted la posibilidad de averiguar si se siente c\u00f3modo y si quiere empezar una terapia con nosotros. Nos gustar\u00eda que, si est\u00e1 en tratamiento con nosotros, pueda estar de acuerdo con las siguientes afirmaciones:\" \/>\n<meta property=\"og:url\" content=\"https:\/\/praxis-auch-schmidt.de\/es\/psicoterapia\/como-saber\/\" \/>\n<meta property=\"og:site_name\" content=\"Praxis Auch-Schmidt\" \/>\n<meta property=\"article:modified_time\" content=\"2018-10-30T11:23:36+00:00\" \/>\n<meta name=\"twitter:label1\" content=\"Tiempo de lectura\" \/>\n\t<meta name=\"twitter:data1\" content=\"1 minuto\" \/>\n<script type=\"application\/ld+json\" class=\"yoast-schema-graph\">{\"@context\":\"https:\/\/schema.org\",\"@graph\":[{\"@type\":\"WebPage\",\"@id\":\"https:\/\/praxis-auch-schmidt.de\/es\/psicoterapia\/como-saber\/\",\"url\":\"https:\/\/praxis-auch-schmidt.de\/es\/psicoterapia\/como-saber\/\",\"name\":\"C\u00d3MO SABER... - Praxis Auch-Schmidt\",\"isPartOf\":{\"@id\":\"https:\/\/praxis-auch-schmidt.de\/#website\"},\"datePublished\":\"2018-01-08T13:56:22+00:00\",\"dateModified\":\"2018-10-30T11:23:36+00:00\",\"breadcrumb\":{\"@id\":\"https:\/\/praxis-auch-schmidt.de\/es\/psicoterapia\/como-saber\/#breadcrumb\"},\"inLanguage\":\"es\",\"potentialAction\":[{\"@type\":\"ReadAction\",\"target\":[\"https:\/\/praxis-auch-schmidt.de\/es\/psicoterapia\/como-saber\/\"]}]},{\"@type\":\"BreadcrumbList\",\"@id\":\"https:\/\/praxis-auch-schmidt.de\/es\/psicoterapia\/como-saber\/#breadcrumb\",\"itemListElement\":[{\"@type\":\"ListItem\",\"position\":1,\"name\":\"Home\",\"item\":\"https:\/\/praxis-auch-schmidt.de\/es\/\"},{\"@type\":\"ListItem\",\"position\":2,\"name\":\"PSICOTERAPIA\",\"item\":\"https:\/\/praxis-auch-schmidt.de\/es\/psicoterapia\/\"},{\"@type\":\"ListItem\",\"position\":3,\"name\":\"C\u00d3MO SABER&#8230;\"}]},{\"@type\":\"WebSite\",\"@id\":\"https:\/\/praxis-auch-schmidt.de\/#website\",\"url\":\"https:\/\/praxis-auch-schmidt.de\/\",\"name\":\"Praxis Auch-Schmidt\",\"description\":\"\",\"potentialAction\":[{\"@type\":\"SearchAction\",\"target\":{\"@type\":\"EntryPoint\",\"urlTemplate\":\"https:\/\/praxis-auch-schmidt.de\/?s={search_term_string}\"},\"query-input\":{\"@type\":\"PropertyValueSpecification\",\"valueRequired\":true,\"valueName\":\"search_term_string\"}}],\"inLanguage\":\"es\"}]}<\/script>\n<!-- \/ Yoast SEO plugin. -->","yoast_head_json":{"title":"C\u00d3MO SABER... - Praxis Auch-Schmidt","robots":{"index":"index","follow":"follow","max-snippet":"max-snippet:-1","max-image-preview":"max-image-preview:large","max-video-preview":"max-video-preview:-1"},"canonical":"https:\/\/praxis-auch-schmidt.de\/es\/psicoterapia\/como-saber\/","og_locale":"es_ES","og_type":"article","og_title":"C\u00d3MO SABER... - Praxis Auch-Schmidt","og_description":"QU\u00c9 LE AYUDA A SABER QUE EST\u00c1 EN EL LUGAR ADECUADO Durante las sesiones de prueba tiene usted la posibilidad de averiguar si se siente c\u00f3modo y si quiere empezar una terapia con nosotros. Nos gustar\u00eda que, si est\u00e1 en tratamiento con nosotros, pueda estar de acuerdo con las siguientes afirmaciones:","og_url":"https:\/\/praxis-auch-schmidt.de\/es\/psicoterapia\/como-saber\/","og_site_name":"Praxis Auch-Schmidt","article_modified_time":"2018-10-30T11:23:36+00:00","twitter_misc":{"Tiempo de lectura":"1 minuto"},"schema":{"@context":"https:\/\/schema.org","@graph":[{"@type":"WebPage","@id":"https:\/\/praxis-auch-schmidt.de\/es\/psicoterapia\/como-saber\/","url":"https:\/\/praxis-auch-schmidt.de\/es\/psicoterapia\/como-saber\/","name":"C\u00d3MO SABER... - Praxis Auch-Schmidt","isPartOf":{"@id":"https:\/\/praxis-auch-schmidt.de\/#website"},"datePublished":"2018-01-08T13:56:22+00:00","dateModified":"2018-10-30T11:23:36+00:00","breadcrumb":{"@id":"https:\/\/praxis-auch-schmidt.de\/es\/psicoterapia\/como-saber\/#breadcrumb"},"inLanguage":"es","potentialAction":[{"@type":"ReadAction","target":["https:\/\/praxis-auch-schmidt.de\/es\/psicoterapia\/como-saber\/"]}]},{"@type":"BreadcrumbList","@id":"https:\/\/praxis-auch-schmidt.de\/es\/psicoterapia\/como-saber\/#breadcrumb","itemListElement":[{"@type":"ListItem","position":1,"name":"Home","item":"https:\/\/praxis-auch-schmidt.de\/es\/"},{"@type":"ListItem","position":2,"name":"PSICOTERAPIA","item":"https:\/\/praxis-auch-schmidt.de\/es\/psicoterapia\/"},{"@type":"ListItem","position":3,"name":"C\u00d3MO SABER&#8230;"}]},{"@type":"WebSite","@id":"https:\/\/praxis-auch-schmidt.de\/#website","url":"https:\/\/praxis-auch-schmidt.de\/","name":"Praxis Auch-Schmidt","description":"","potentialAction":[{"@type":"SearchAction","target":{"@type":"EntryPoint","urlTemplate":"https:\/\/praxis-auch-schmidt.de\/?s={search_term_string}"},"query-input":{"@type":"PropertyValueSpecification","valueRequired":true,"valueName":"search_term_string"}}],"inLanguage":"es"}]}},"_links":{"self":[{"href":"https:\/\/praxis-auch-schmidt.de\/es\/wp-json\/wp\/v2\/pages\/3342","targetHints":{"allow":["GET"]}}],"collection":[{"href":"https:\/\/praxis-auch-schmidt.de\/es\/wp-json\/wp\/v2\/pages"}],"about":[{"href":"https:\/\/praxis-auch-schmidt.de\/es\/wp-json\/wp\/v2\/types\/page"}],"author":[{"embeddable":true,"href":"https:\/\/praxis-auch-schmidt.de\/es\/wp-json\/wp\/v2\/users\/1"}],"replies":[{"embeddable":true,"href":"https:\/\/praxis-auch-schmidt.de\/es\/wp-json\/wp\/v2\/comments?post=3342"}],"version-history":[{"count":3,"href":"https:\/\/praxis-auch-schmidt.de\/es\/wp-json\/wp\/v2\/pages\/3342\/revisions"}],"predecessor-version":[{"id":4530,"href":"https:\/\/praxis-auch-schmidt.de\/es\/wp-json\/wp\/v2\/pages\/3342\/revisions\/4530"}],"up":[{"embeddable":true,"href":"https:\/\/praxis-auch-schmidt.de\/es\/wp-json\/wp\/v2\/pages\/3333"}],"wp:attachment":[{"href":"https:\/\/praxis-auch-schmidt.de\/es\/wp-json\/wp\/v2\/media?parent=3342"}],"curies":[{"name":"wp","href":"https:\/\/api.w.org\/{rel}","templated":true}]}}