{"id":3339,"date":"2018-01-08T14:41:18","date_gmt":"2018-01-08T13:41:18","guid":{"rendered":"https:\/\/praxis-auch-schmidt.de\/?page_id=3339\/"},"modified":"2018-01-08T14:41:18","modified_gmt":"2018-01-08T13:41:18","slug":"tipos-de-psicoterapia","status":"publish","type":"page","link":"https:\/\/praxis-auch-schmidt.de\/es\/psicoterapia\/tipos-de-psicoterapia\/","title":{"rendered":"TIPOS DE PSICOTERAPIA"},"content":{"rendered":"<p><img loading=\"lazy\" decoding=\"async\" class=\"alignnone size-full wp-image-202\" src=\"\/wp-content\/uploads\/2012\/12\/header_psychotherapie.jpg\" alt=\"Herbstalle, schw\u00e4bische Alb\" width=\"850\" height=\"400\" srcset=\"https:\/\/praxis-auch-schmidt.de\/wp-content\/uploads\/2012\/12\/header_psychotherapie.jpg 850w, https:\/\/praxis-auch-schmidt.de\/wp-content\/uploads\/2012\/12\/header_psychotherapie-300x141.jpg 300w, https:\/\/praxis-auch-schmidt.de\/wp-content\/uploads\/2012\/12\/header_psychotherapie-624x293.jpg 624w\" sizes=\"auto, (max-width: 850px) 100vw, 850px\" \/><\/p>\n<h1>TIPOS DE PSICOTERAPIA<\/h1>\n<div class='content-column one_half spalte'><h1>TERAPIA INDIVIDUAL<\/h1>\n<p>La mayor parte de los tratamientos se realizan en sesiones individuales. La frecuencia de las sesiones depender\u00e1 de las necesidades personales y del tipo de problema. En la mayor\u00eda de los casos las sesiones suelen ser semanales, quincenales o como m\u00e1ximo mensuales.<\/p>\n<h1>TERAPIA DE GRUPO<\/h1>\n<p>Ofrecemos terapia de grupo como complemento a la terapia individual en grupos reducidos (m\u00e1ximo 5 pacientes) si el n\u00famero de pacientes es lo suficientemente grande y siguiendo indicaci\u00f3n m\u00e9dica. Los temas m\u00e1s usuales son el s\u00edndrome de desgaste profesional (burnout), la depresi\u00f3n, los trastornos de ansiedad y la seguridad en uno mismo.<\/p>\n<h1>TERAPIA DE PAREJA<\/h1>\n<p>Al igual que todo ser humano, cada relaci\u00f3n tiene un desarrollo. Si las exigencias externas son altas (cargas profesionales, falta de tiempo, crianza de hijos), resulta dif\u00edcil cuidar lo suficiente la relaci\u00f3n y que \u00e9sta se siga desarrollando con normalidad. Aparecen las peleas y el distanciamiento. Con frecuencia uno de los dos miembros de la pareja est\u00e1 m\u00e1s insatisfecho que el otro. Uno quiere separarse o tiene una relaci\u00f3n extramatrimonial. Les ayudamos a ver si a\u00fan tiene sentido para ustedes seguir con la relaci\u00f3n de pareja o si ser\u00eda mejor seguir caminos distintos. Les ayudamos a reencontrarse, a manejar mejor las situaciones de conflicto o a comprenderse mejor el uno al otro. En caso de decidirse por una separaci\u00f3n, trabajamos con una mediadora que colabora con nosotros. Contamos con un amplio abanico de experiencias con parejas binacionales en la terapia de pareja, que tambi\u00e9n se puede llevar a cabo en espa\u00f1ol (ver \u00e1mbitos de especializaci\u00f3n).<\/p>\n<p>Los gastos de la terapia de pareja no los cubre el seguro m\u00e9dico.<\/p>\n<p>&nbsp;<\/p><\/div>\n<div class='content-column one_half spalte-right'><h1><b>\u00a0<\/b>TERAPIA Y ASESORAMIENTO SEXUAL<\/h1>\n<p>La sexualidad es un componente importante de la vida humana y de toda relaci\u00f3n de pareja. A menudo las necesidades en este terreno resultan ser distintas. Como consecuencia de ello, surgen confllictos, trastornos sexuales como el trastorno er\u00e9ctil, dolor durante el coito o falta de deseo sexual. Los mejores resultados se dan al tratar estos trastornos junto con la pareja.<\/p>\n<p>Los gastos de la terapia sexual nomalmente no los cubren el seguro m\u00e9dico. Pregunte a su seguro.<\/p><\/div>\n","protected":false},"excerpt":{"rendered":"<p>TIPOS DE PSICOTERAPIA<\/p>\n","protected":false},"author":1,"featured_media":0,"parent":3333,"menu_order":3,"comment_status":"closed","ping_status":"closed","template":"","meta":{"footnotes":""},"class_list":["post-3339","page","type-page","status-publish","hentry"],"yoast_head":"<!-- This site is optimized with the Yoast SEO plugin v26.3 - https:\/\/yoast.com\/wordpress\/plugins\/seo\/ -->\n<title>TIPOS DE PSICOTERAPIA - Praxis Auch-Schmidt<\/title>\n<meta name=\"robots\" content=\"index, follow, max-snippet:-1, max-image-preview:large, max-video-preview:-1\" \/>\n<link rel=\"canonical\" href=\"https:\/\/praxis-auch-schmidt.de\/es\/psicoterapia\/tipos-de-psicoterapia\/\" \/>\n<meta property=\"og:locale\" content=\"es_ES\" \/>\n<meta property=\"og:type\" content=\"article\" \/>\n<meta property=\"og:title\" content=\"TIPOS DE PSICOTERAPIA - Praxis Auch-Schmidt\" \/>\n<meta property=\"og:description\" content=\"TIPOS DE PSICOTERAPIA\" \/>\n<meta property=\"og:url\" content=\"https:\/\/praxis-auch-schmidt.de\/es\/psicoterapia\/tipos-de-psicoterapia\/\" \/>\n<meta property=\"og:site_name\" content=\"Praxis Auch-Schmidt\" \/>\n<meta name=\"twitter:label1\" content=\"Tiempo de lectura\" \/>\n\t<meta name=\"twitter:data1\" content=\"2 minutos\" \/>\n<script type=\"application\/ld+json\" class=\"yoast-schema-graph\">{\"@context\":\"https:\/\/schema.org\",\"@graph\":[{\"@type\":\"WebPage\",\"@id\":\"https:\/\/praxis-auch-schmidt.de\/es\/psicoterapia\/tipos-de-psicoterapia\/\",\"url\":\"https:\/\/praxis-auch-schmidt.de\/es\/psicoterapia\/tipos-de-psicoterapia\/\",\"name\":\"TIPOS DE PSICOTERAPIA - Praxis Auch-Schmidt\",\"isPartOf\":{\"@id\":\"https:\/\/praxis-auch-schmidt.de\/#website\"},\"datePublished\":\"2018-01-08T13:41:18+00:00\",\"breadcrumb\":{\"@id\":\"https:\/\/praxis-auch-schmidt.de\/es\/psicoterapia\/tipos-de-psicoterapia\/#breadcrumb\"},\"inLanguage\":\"es\",\"potentialAction\":[{\"@type\":\"ReadAction\",\"target\":[\"https:\/\/praxis-auch-schmidt.de\/es\/psicoterapia\/tipos-de-psicoterapia\/\"]}]},{\"@type\":\"BreadcrumbList\",\"@id\":\"https:\/\/praxis-auch-schmidt.de\/es\/psicoterapia\/tipos-de-psicoterapia\/#breadcrumb\",\"itemListElement\":[{\"@type\":\"ListItem\",\"position\":1,\"name\":\"Home\",\"item\":\"https:\/\/praxis-auch-schmidt.de\/es\/\"},{\"@type\":\"ListItem\",\"position\":2,\"name\":\"PSICOTERAPIA\",\"item\":\"https:\/\/praxis-auch-schmidt.de\/es\/psicoterapia\/\"},{\"@type\":\"ListItem\",\"position\":3,\"name\":\"TIPOS DE PSICOTERAPIA\"}]},{\"@type\":\"WebSite\",\"@id\":\"https:\/\/praxis-auch-schmidt.de\/#website\",\"url\":\"https:\/\/praxis-auch-schmidt.de\/\",\"name\":\"Praxis Auch-Schmidt\",\"description\":\"\",\"potentialAction\":[{\"@type\":\"SearchAction\",\"target\":{\"@type\":\"EntryPoint\",\"urlTemplate\":\"https:\/\/praxis-auch-schmidt.de\/?s={search_term_string}\"},\"query-input\":{\"@type\":\"PropertyValueSpecification\",\"valueRequired\":true,\"valueName\":\"search_term_string\"}}],\"inLanguage\":\"es\"}]}<\/script>\n<!-- \/ Yoast SEO plugin. -->","yoast_head_json":{"title":"TIPOS DE PSICOTERAPIA - Praxis Auch-Schmidt","robots":{"index":"index","follow":"follow","max-snippet":"max-snippet:-1","max-image-preview":"max-image-preview:large","max-video-preview":"max-video-preview:-1"},"canonical":"https:\/\/praxis-auch-schmidt.de\/es\/psicoterapia\/tipos-de-psicoterapia\/","og_locale":"es_ES","og_type":"article","og_title":"TIPOS DE PSICOTERAPIA - Praxis Auch-Schmidt","og_description":"TIPOS DE PSICOTERAPIA","og_url":"https:\/\/praxis-auch-schmidt.de\/es\/psicoterapia\/tipos-de-psicoterapia\/","og_site_name":"Praxis Auch-Schmidt","twitter_misc":{"Tiempo de lectura":"2 minutos"},"schema":{"@context":"https:\/\/schema.org","@graph":[{"@type":"WebPage","@id":"https:\/\/praxis-auch-schmidt.de\/es\/psicoterapia\/tipos-de-psicoterapia\/","url":"https:\/\/praxis-auch-schmidt.de\/es\/psicoterapia\/tipos-de-psicoterapia\/","name":"TIPOS DE PSICOTERAPIA - Praxis Auch-Schmidt","isPartOf":{"@id":"https:\/\/praxis-auch-schmidt.de\/#website"},"datePublished":"2018-01-08T13:41:18+00:00","breadcrumb":{"@id":"https:\/\/praxis-auch-schmidt.de\/es\/psicoterapia\/tipos-de-psicoterapia\/#breadcrumb"},"inLanguage":"es","potentialAction":[{"@type":"ReadAction","target":["https:\/\/praxis-auch-schmidt.de\/es\/psicoterapia\/tipos-de-psicoterapia\/"]}]},{"@type":"BreadcrumbList","@id":"https:\/\/praxis-auch-schmidt.de\/es\/psicoterapia\/tipos-de-psicoterapia\/#breadcrumb","itemListElement":[{"@type":"ListItem","position":1,"name":"Home","item":"https:\/\/praxis-auch-schmidt.de\/es\/"},{"@type":"ListItem","position":2,"name":"PSICOTERAPIA","item":"https:\/\/praxis-auch-schmidt.de\/es\/psicoterapia\/"},{"@type":"ListItem","position":3,"name":"TIPOS DE PSICOTERAPIA"}]},{"@type":"WebSite","@id":"https:\/\/praxis-auch-schmidt.de\/#website","url":"https:\/\/praxis-auch-schmidt.de\/","name":"Praxis Auch-Schmidt","description":"","potentialAction":[{"@type":"SearchAction","target":{"@type":"EntryPoint","urlTemplate":"https:\/\/praxis-auch-schmidt.de\/?s={search_term_string}"},"query-input":{"@type":"PropertyValueSpecification","valueRequired":true,"valueName":"search_term_string"}}],"inLanguage":"es"}]}},"_links":{"self":[{"href":"https:\/\/praxis-auch-schmidt.de\/es\/wp-json\/wp\/v2\/pages\/3339","targetHints":{"allow":["GET"]}}],"collection":[{"href":"https:\/\/praxis-auch-schmidt.de\/es\/wp-json\/wp\/v2\/pages"}],"about":[{"href":"https:\/\/praxis-auch-schmidt.de\/es\/wp-json\/wp\/v2\/types\/page"}],"author":[{"embeddable":true,"href":"https:\/\/praxis-auch-schmidt.de\/es\/wp-json\/wp\/v2\/users\/1"}],"replies":[{"embeddable":true,"href":"https:\/\/praxis-auch-schmidt.de\/es\/wp-json\/wp\/v2\/comments?post=3339"}],"version-history":[{"count":2,"href":"https:\/\/praxis-auch-schmidt.de\/es\/wp-json\/wp\/v2\/pages\/3339\/revisions"}],"predecessor-version":[{"id":3341,"href":"https:\/\/praxis-auch-schmidt.de\/es\/wp-json\/wp\/v2\/pages\/3339\/revisions\/3341"}],"up":[{"embeddable":true,"href":"https:\/\/praxis-auch-schmidt.de\/es\/wp-json\/wp\/v2\/pages\/3333"}],"wp:attachment":[{"href":"https:\/\/praxis-auch-schmidt.de\/es\/wp-json\/wp\/v2\/media?parent=3339"}],"curies":[{"name":"wp","href":"https:\/\/api.w.org\/{rel}","templated":true}]}}