{"id":3330,"date":"2018-01-08T14:19:29","date_gmt":"2018-01-08T13:19:29","guid":{"rendered":"https:\/\/praxis-auch-schmidt.de\/?page_id=3330\/"},"modified":"2018-01-08T14:19:29","modified_gmt":"2018-01-08T13:19:29","slug":"stefan-auch-schmidt","status":"publish","type":"page","link":"https:\/\/praxis-auch-schmidt.de\/es\/conozcanos\/stefan-auch-schmidt\/","title":{"rendered":"Stefan Auch-Schmidt"},"content":{"rendered":"<p><img loading=\"lazy\" decoding=\"async\" class=\"alignnone size-full wp-image-334\" src=\"\/wp-content\/uploads\/2013\/01\/Stefan_Kreise.png\" alt=\"Stefan Auch-Schmidt\" width=\"850\" height=\"400\" srcset=\"https:\/\/praxis-auch-schmidt.de\/wp-content\/uploads\/2013\/01\/Stefan_Kreise.png 850w, https:\/\/praxis-auch-schmidt.de\/wp-content\/uploads\/2013\/01\/Stefan_Kreise-300x141.png 300w, https:\/\/praxis-auch-schmidt.de\/wp-content\/uploads\/2013\/01\/Stefan_Kreise-624x293.png 624w\" sizes=\"auto, (max-width: 850px) 100vw, 850px\" \/><\/p>\n<h1>Stefan Auch-Schmidt<\/h1>\n<p><div class='content-column one_half spalte'>Nac\u00ed en 1968, crec\u00ed en Hamburgo y vivo desde hace m\u00e1s de 10 a\u00f1os en Stuttgart. De Stuttgart me encantan los bonitos rincones que esconde la ciudad y que no se dejan descubrir a primera vista y mi esposa, con la que tengo tres hijos. De camino a Stuttgart, pas\u00e9 por Madrid y por Trier, donde me licenci\u00e9 en Psicolog\u00eda, as\u00ed como por Frankfurt am Main, donde trabaj\u00e9 para la asesor\u00eda de empresas B\u00f6ning Consult. Obtuve la especializaci\u00f3n en Psicoterapia despu\u00e9s de formarme en la T\u00fcbinger Akademie f\u00fcr Verhaltenstherapie (Academia de Terapia de Conducta de Tubinga).<\/div><div class='content-column one_half \u201cspalte-right\u201c'>Antes de abrir mi propia consulta en 2006, trabaj\u00e9 en la Fachklinik f\u00fcr Psychosomatik Daun (cl\u00ednica especializada en trastornos psicosom\u00e1ticos Daun) y en el consultorio de la organizaci\u00f3n Pro-Familia de Stuttgart. En mi trabajo me motivan la curiosidad que siento por las personas y por la vida, as\u00ed como la confianza que me manifiestan mis pacientes una y otra vez. Por eso quiero conocerle mostr\u00e1ndole franqueza y consideraci\u00f3n por mi parte, al mismo tiempo que le ofrezco mi experiencia profesional. Todo ello para que usted pueda encontrar su propio camino.<\/div><\/p>\n","protected":false},"excerpt":{"rendered":"<p>Stefan Auch-Schmidt<\/p>\n","protected":false},"author":1,"featured_media":0,"parent":3327,"menu_order":0,"comment_status":"closed","ping_status":"closed","template":"","meta":{"footnotes":""},"class_list":["post-3330","page","type-page","status-publish","hentry"],"yoast_head":"<!-- This site is optimized with the Yoast SEO plugin v26.3 - https:\/\/yoast.com\/wordpress\/plugins\/seo\/ -->\n<title>Stefan Auch-Schmidt - Praxis Auch-Schmidt<\/title>\n<meta name=\"robots\" content=\"index, follow, max-snippet:-1, max-image-preview:large, max-video-preview:-1\" \/>\n<link rel=\"canonical\" href=\"https:\/\/praxis-auch-schmidt.de\/es\/conozcanos\/stefan-auch-schmidt\/\" \/>\n<meta property=\"og:locale\" content=\"es_ES\" \/>\n<meta property=\"og:type\" content=\"article\" \/>\n<meta property=\"og:title\" content=\"Stefan Auch-Schmidt - Praxis Auch-Schmidt\" \/>\n<meta property=\"og:description\" content=\"Stefan Auch-Schmidt\" \/>\n<meta property=\"og:url\" content=\"https:\/\/praxis-auch-schmidt.de\/es\/conozcanos\/stefan-auch-schmidt\/\" \/>\n<meta property=\"og:site_name\" content=\"Praxis Auch-Schmidt\" \/>\n<meta name=\"twitter:label1\" content=\"Tiempo de lectura\" \/>\n\t<meta name=\"twitter:data1\" content=\"1 minuto\" \/>\n<script type=\"application\/ld+json\" class=\"yoast-schema-graph\">{\"@context\":\"https:\/\/schema.org\",\"@graph\":[{\"@type\":\"WebPage\",\"@id\":\"https:\/\/praxis-auch-schmidt.de\/es\/conozcanos\/stefan-auch-schmidt\/\",\"url\":\"https:\/\/praxis-auch-schmidt.de\/es\/conozcanos\/stefan-auch-schmidt\/\",\"name\":\"Stefan Auch-Schmidt - Praxis Auch-Schmidt\",\"isPartOf\":{\"@id\":\"https:\/\/praxis-auch-schmidt.de\/#website\"},\"datePublished\":\"2018-01-08T13:19:29+00:00\",\"breadcrumb\":{\"@id\":\"https:\/\/praxis-auch-schmidt.de\/es\/conozcanos\/stefan-auch-schmidt\/#breadcrumb\"},\"inLanguage\":\"es\",\"potentialAction\":[{\"@type\":\"ReadAction\",\"target\":[\"https:\/\/praxis-auch-schmidt.de\/es\/conozcanos\/stefan-auch-schmidt\/\"]}]},{\"@type\":\"BreadcrumbList\",\"@id\":\"https:\/\/praxis-auch-schmidt.de\/es\/conozcanos\/stefan-auch-schmidt\/#breadcrumb\",\"itemListElement\":[{\"@type\":\"ListItem\",\"position\":1,\"name\":\"Home\",\"item\":\"https:\/\/praxis-auch-schmidt.de\/es\/\"},{\"@type\":\"ListItem\",\"position\":2,\"name\":\"CON\u00d3ZCANOS\",\"item\":\"https:\/\/praxis-auch-schmidt.de\/es\/\"},{\"@type\":\"ListItem\",\"position\":3,\"name\":\"Stefan Auch-Schmidt\"}]},{\"@type\":\"WebSite\",\"@id\":\"https:\/\/praxis-auch-schmidt.de\/#website\",\"url\":\"https:\/\/praxis-auch-schmidt.de\/\",\"name\":\"Praxis Auch-Schmidt\",\"description\":\"\",\"potentialAction\":[{\"@type\":\"SearchAction\",\"target\":{\"@type\":\"EntryPoint\",\"urlTemplate\":\"https:\/\/praxis-auch-schmidt.de\/?s={search_term_string}\"},\"query-input\":{\"@type\":\"PropertyValueSpecification\",\"valueRequired\":true,\"valueName\":\"search_term_string\"}}],\"inLanguage\":\"es\"}]}<\/script>\n<!-- \/ Yoast SEO plugin. -->","yoast_head_json":{"title":"Stefan Auch-Schmidt - Praxis Auch-Schmidt","robots":{"index":"index","follow":"follow","max-snippet":"max-snippet:-1","max-image-preview":"max-image-preview:large","max-video-preview":"max-video-preview:-1"},"canonical":"https:\/\/praxis-auch-schmidt.de\/es\/conozcanos\/stefan-auch-schmidt\/","og_locale":"es_ES","og_type":"article","og_title":"Stefan Auch-Schmidt - Praxis Auch-Schmidt","og_description":"Stefan Auch-Schmidt","og_url":"https:\/\/praxis-auch-schmidt.de\/es\/conozcanos\/stefan-auch-schmidt\/","og_site_name":"Praxis Auch-Schmidt","twitter_misc":{"Tiempo de lectura":"1 minuto"},"schema":{"@context":"https:\/\/schema.org","@graph":[{"@type":"WebPage","@id":"https:\/\/praxis-auch-schmidt.de\/es\/conozcanos\/stefan-auch-schmidt\/","url":"https:\/\/praxis-auch-schmidt.de\/es\/conozcanos\/stefan-auch-schmidt\/","name":"Stefan Auch-Schmidt - Praxis Auch-Schmidt","isPartOf":{"@id":"https:\/\/praxis-auch-schmidt.de\/#website"},"datePublished":"2018-01-08T13:19:29+00:00","breadcrumb":{"@id":"https:\/\/praxis-auch-schmidt.de\/es\/conozcanos\/stefan-auch-schmidt\/#breadcrumb"},"inLanguage":"es","potentialAction":[{"@type":"ReadAction","target":["https:\/\/praxis-auch-schmidt.de\/es\/conozcanos\/stefan-auch-schmidt\/"]}]},{"@type":"BreadcrumbList","@id":"https:\/\/praxis-auch-schmidt.de\/es\/conozcanos\/stefan-auch-schmidt\/#breadcrumb","itemListElement":[{"@type":"ListItem","position":1,"name":"Home","item":"https:\/\/praxis-auch-schmidt.de\/es\/"},{"@type":"ListItem","position":2,"name":"CON\u00d3ZCANOS","item":"https:\/\/praxis-auch-schmidt.de\/es\/"},{"@type":"ListItem","position":3,"name":"Stefan Auch-Schmidt"}]},{"@type":"WebSite","@id":"https:\/\/praxis-auch-schmidt.de\/#website","url":"https:\/\/praxis-auch-schmidt.de\/","name":"Praxis Auch-Schmidt","description":"","potentialAction":[{"@type":"SearchAction","target":{"@type":"EntryPoint","urlTemplate":"https:\/\/praxis-auch-schmidt.de\/?s={search_term_string}"},"query-input":{"@type":"PropertyValueSpecification","valueRequired":true,"valueName":"search_term_string"}}],"inLanguage":"es"}]}},"_links":{"self":[{"href":"https:\/\/praxis-auch-schmidt.de\/es\/wp-json\/wp\/v2\/pages\/3330","targetHints":{"allow":["GET"]}}],"collection":[{"href":"https:\/\/praxis-auch-schmidt.de\/es\/wp-json\/wp\/v2\/pages"}],"about":[{"href":"https:\/\/praxis-auch-schmidt.de\/es\/wp-json\/wp\/v2\/types\/page"}],"author":[{"embeddable":true,"href":"https:\/\/praxis-auch-schmidt.de\/es\/wp-json\/wp\/v2\/users\/1"}],"replies":[{"embeddable":true,"href":"https:\/\/praxis-auch-schmidt.de\/es\/wp-json\/wp\/v2\/comments?post=3330"}],"version-history":[{"count":2,"href":"https:\/\/praxis-auch-schmidt.de\/es\/wp-json\/wp\/v2\/pages\/3330\/revisions"}],"predecessor-version":[{"id":3332,"href":"https:\/\/praxis-auch-schmidt.de\/es\/wp-json\/wp\/v2\/pages\/3330\/revisions\/3332"}],"up":[{"embeddable":true,"href":"https:\/\/praxis-auch-schmidt.de\/es\/wp-json\/wp\/v2\/pages\/3327"}],"wp:attachment":[{"href":"https:\/\/praxis-auch-schmidt.de\/es\/wp-json\/wp\/v2\/media?parent=3330"}],"curies":[{"name":"wp","href":"https:\/\/api.w.org\/{rel}","templated":true}]}}