{"id":3327,"date":"2018-01-08T14:15:23","date_gmt":"2018-01-08T13:15:23","guid":{"rendered":"https:\/\/praxis-auch-schmidt.de\/?page_id=3327\/"},"modified":"2018-09-13T10:34:10","modified_gmt":"2018-09-13T08:34:10","slug":"conozcanos","status":"publish","type":"page","link":"https:\/\/praxis-auch-schmidt.de\/es\/","title":{"rendered":"CON\u00d3ZCANOS"},"content":{"rendered":"<p><img loading=\"lazy\" decoding=\"async\" class=\"alignnone size-full wp-image-200\" src=\"\/wp-content\/uploads\/2012\/12\/header_start.jpg\" alt=\"Praxis Auch-Schmidt\" width=\"850\" height=\"400\" srcset=\"https:\/\/praxis-auch-schmidt.de\/wp-content\/uploads\/2012\/12\/header_start.jpg 850w, https:\/\/praxis-auch-schmidt.de\/wp-content\/uploads\/2012\/12\/header_start-300x141.jpg 300w, https:\/\/praxis-auch-schmidt.de\/wp-content\/uploads\/2012\/12\/header_start-624x293.jpg 624w\" sizes=\"auto, (max-width: 850px) 100vw, 850px\" \/><\/p>\n<h1>CON\u00d3ZCANOS<\/h1>\n<p><div class='content-column one_half spalte'>Bienvenido\/a a la p\u00e1gina web de Christine Auch y Stefan Auch-Schmidt. De este modo queremos informarle de los servicios que ofrece nuestra consulta. Dirigimos una consulta psicol\u00f3gica en los \u00e1mbitos de la psicoterapia y el coaching. Estamos especializados, primero, en el tratamiento de miedos, inhibiciones y fobias y, segundo, en el tratamiento del s\u00edndrome de desgaste profesional (burnout), estados de agotamiento y depresiones.<\/div><div class='content-column one_half spalte-right'>La base de nuestro trabajo es siempre un desarrollo integral de la personalidad. Le ayudamos a encontrar el equilibrio de nuevo, a reconocer sus puntos fuertes y a activarlos cuando le resulten necesarios. Esto tambi\u00e9n se aplica a otra especializaci\u00f3n de nuestra consulta: los trastornos sexuales en hombres. Como singularidad ofrecemos terapia en espa\u00f1ol.<\/div><\/p>\n<div class=\"clear\">\n<blockquote><p><strong>\u201e<\/strong><b><em>Nuestra mayor gloria no es no fracasar nunca, sino levantarnos cada vez que nos caemos.\u201c <\/em><br \/>\n(Ralph Waldo Emerson)<\/b><\/p><\/blockquote>\n<\/div>\n","protected":false},"excerpt":{"rendered":"<p>CON\u00d3ZCANOS \u201eNuestra mayor gloria no es no fracasar nunca, sino levantarnos cada vez que nos caemos.\u201c (Ralph Waldo Emerson)<\/p>\n","protected":false},"author":1,"featured_media":0,"parent":0,"menu_order":0,"comment_status":"closed","ping_status":"open","template":"","meta":{"footnotes":""},"class_list":["post-3327","page","type-page","status-publish","hentry"],"yoast_head":"<!-- This site is optimized with the Yoast SEO plugin v26.3 - https:\/\/yoast.com\/wordpress\/plugins\/seo\/ -->\n<title>CON\u00d3ZCANOS - Praxis Auch-Schmidt<\/title>\n<meta name=\"description\" content=\"De este modo queremos informarle de los servicios que ofrece nuestra consulta. Dirigimos una consulta psicol\u00f3gica en los \u00e1mbitos de la psicoterapia y el \u2026\" \/>\n<meta name=\"robots\" content=\"index, follow, max-snippet:-1, max-image-preview:large, max-video-preview:-1\" \/>\n<link rel=\"canonical\" href=\"https:\/\/praxis-auch-schmidt.de\/es\/\" \/>\n<meta property=\"og:locale\" content=\"es_ES\" \/>\n<meta property=\"og:type\" content=\"article\" \/>\n<meta property=\"og:title\" content=\"CON\u00d3ZCANOS - Praxis Auch-Schmidt\" \/>\n<meta property=\"og:description\" content=\"De este modo queremos informarle de los servicios que ofrece nuestra consulta. Dirigimos una consulta psicol\u00f3gica en los \u00e1mbitos de la psicoterapia y el \u2026\" \/>\n<meta property=\"og:url\" content=\"https:\/\/praxis-auch-schmidt.de\/es\/\" \/>\n<meta property=\"og:site_name\" content=\"Praxis Auch-Schmidt\" \/>\n<meta property=\"article:modified_time\" content=\"2018-09-13T08:34:10+00:00\" \/>\n<meta name=\"twitter:label1\" content=\"Tiempo de lectura\" \/>\n\t<meta name=\"twitter:data1\" content=\"1 minuto\" \/>\n<script type=\"application\/ld+json\" class=\"yoast-schema-graph\">{\"@context\":\"https:\/\/schema.org\",\"@graph\":[{\"@type\":\"WebPage\",\"@id\":\"https:\/\/praxis-auch-schmidt.de\/es\/\",\"url\":\"https:\/\/praxis-auch-schmidt.de\/es\/\",\"name\":\"CON\u00d3ZCANOS - Praxis Auch-Schmidt\",\"isPartOf\":{\"@id\":\"https:\/\/praxis-auch-schmidt.de\/#website\"},\"datePublished\":\"2018-01-08T13:15:23+00:00\",\"dateModified\":\"2018-09-13T08:34:10+00:00\",\"description\":\"De este modo queremos informarle de los servicios que ofrece nuestra consulta. Dirigimos una consulta psicol\u00f3gica en los \u00e1mbitos de la psicoterapia y el \u2026\",\"breadcrumb\":{\"@id\":\"https:\/\/praxis-auch-schmidt.de\/es\/#breadcrumb\"},\"inLanguage\":\"es\",\"potentialAction\":[{\"@type\":\"ReadAction\",\"target\":[\"https:\/\/praxis-auch-schmidt.de\/es\/\"]}]},{\"@type\":\"BreadcrumbList\",\"@id\":\"https:\/\/praxis-auch-schmidt.de\/es\/#breadcrumb\",\"itemListElement\":[{\"@type\":\"ListItem\",\"position\":1,\"name\":\"Home\",\"item\":\"https:\/\/praxis-auch-schmidt.de\/es\/\"},{\"@type\":\"ListItem\",\"position\":2,\"name\":\"CON\u00d3ZCANOS\"}]},{\"@type\":\"WebSite\",\"@id\":\"https:\/\/praxis-auch-schmidt.de\/#website\",\"url\":\"https:\/\/praxis-auch-schmidt.de\/\",\"name\":\"Praxis Auch-Schmidt\",\"description\":\"\",\"potentialAction\":[{\"@type\":\"SearchAction\",\"target\":{\"@type\":\"EntryPoint\",\"urlTemplate\":\"https:\/\/praxis-auch-schmidt.de\/?s={search_term_string}\"},\"query-input\":{\"@type\":\"PropertyValueSpecification\",\"valueRequired\":true,\"valueName\":\"search_term_string\"}}],\"inLanguage\":\"es\"}]}<\/script>\n<!-- \/ Yoast SEO plugin. -->","yoast_head_json":{"title":"CON\u00d3ZCANOS - Praxis Auch-Schmidt","description":"De este modo queremos informarle de los servicios que ofrece nuestra consulta. Dirigimos una consulta psicol\u00f3gica en los \u00e1mbitos de la psicoterapia y el \u2026","robots":{"index":"index","follow":"follow","max-snippet":"max-snippet:-1","max-image-preview":"max-image-preview:large","max-video-preview":"max-video-preview:-1"},"canonical":"https:\/\/praxis-auch-schmidt.de\/es\/","og_locale":"es_ES","og_type":"article","og_title":"CON\u00d3ZCANOS - Praxis Auch-Schmidt","og_description":"De este modo queremos informarle de los servicios que ofrece nuestra consulta. Dirigimos una consulta psicol\u00f3gica en los \u00e1mbitos de la psicoterapia y el \u2026","og_url":"https:\/\/praxis-auch-schmidt.de\/es\/","og_site_name":"Praxis Auch-Schmidt","article_modified_time":"2018-09-13T08:34:10+00:00","twitter_misc":{"Tiempo de lectura":"1 minuto"},"schema":{"@context":"https:\/\/schema.org","@graph":[{"@type":"WebPage","@id":"https:\/\/praxis-auch-schmidt.de\/es\/","url":"https:\/\/praxis-auch-schmidt.de\/es\/","name":"CON\u00d3ZCANOS - Praxis Auch-Schmidt","isPartOf":{"@id":"https:\/\/praxis-auch-schmidt.de\/#website"},"datePublished":"2018-01-08T13:15:23+00:00","dateModified":"2018-09-13T08:34:10+00:00","description":"De este modo queremos informarle de los servicios que ofrece nuestra consulta. Dirigimos una consulta psicol\u00f3gica en los \u00e1mbitos de la psicoterapia y el \u2026","breadcrumb":{"@id":"https:\/\/praxis-auch-schmidt.de\/es\/#breadcrumb"},"inLanguage":"es","potentialAction":[{"@type":"ReadAction","target":["https:\/\/praxis-auch-schmidt.de\/es\/"]}]},{"@type":"BreadcrumbList","@id":"https:\/\/praxis-auch-schmidt.de\/es\/#breadcrumb","itemListElement":[{"@type":"ListItem","position":1,"name":"Home","item":"https:\/\/praxis-auch-schmidt.de\/es\/"},{"@type":"ListItem","position":2,"name":"CON\u00d3ZCANOS"}]},{"@type":"WebSite","@id":"https:\/\/praxis-auch-schmidt.de\/#website","url":"https:\/\/praxis-auch-schmidt.de\/","name":"Praxis Auch-Schmidt","description":"","potentialAction":[{"@type":"SearchAction","target":{"@type":"EntryPoint","urlTemplate":"https:\/\/praxis-auch-schmidt.de\/?s={search_term_string}"},"query-input":{"@type":"PropertyValueSpecification","valueRequired":true,"valueName":"search_term_string"}}],"inLanguage":"es"}]}},"_links":{"self":[{"href":"https:\/\/praxis-auch-schmidt.de\/es\/wp-json\/wp\/v2\/pages\/3327","targetHints":{"allow":["GET"]}}],"collection":[{"href":"https:\/\/praxis-auch-schmidt.de\/es\/wp-json\/wp\/v2\/pages"}],"about":[{"href":"https:\/\/praxis-auch-schmidt.de\/es\/wp-json\/wp\/v2\/types\/page"}],"author":[{"embeddable":true,"href":"https:\/\/praxis-auch-schmidt.de\/es\/wp-json\/wp\/v2\/users\/1"}],"replies":[{"embeddable":true,"href":"https:\/\/praxis-auch-schmidt.de\/es\/wp-json\/wp\/v2\/comments?post=3327"}],"version-history":[{"count":2,"href":"https:\/\/praxis-auch-schmidt.de\/es\/wp-json\/wp\/v2\/pages\/3327\/revisions"}],"predecessor-version":[{"id":4331,"href":"https:\/\/praxis-auch-schmidt.de\/es\/wp-json\/wp\/v2\/pages\/3327\/revisions\/4331"}],"wp:attachment":[{"href":"https:\/\/praxis-auch-schmidt.de\/es\/wp-json\/wp\/v2\/media?parent=3327"}],"curies":[{"name":"wp","href":"https:\/\/api.w.org\/{rel}","templated":true}]}}